{"id":679,"date":"2023-06-21T11:29:38","date_gmt":"2023-06-21T11:29:38","guid":{"rendered":"https:\/\/canfi.io\/about-us\/"},"modified":"2025-07-03T10:10:26","modified_gmt":"2025-07-03T10:10:26","slug":"about-us","status":"publish","type":"page","link":"https:\/\/canfi.io\/sv\/about-us\/","title":{"rendered":"Om oss"},"content":{"rendered":"<h2 class=\"text-xl font-bold text-text-100 mt-1 -mb-0.5\">Din p\u00e5litliga partner f\u00f6r kryptohandel<\/h2>\n<p class=\"whitespace-pre-wrap break-words\">Easy Edge Index \u00e4r din p\u00e5litliga partner f\u00f6r kryptohandel och utbildning. Vi ger handlare p\u00e5 alla niv\u00e5er den kunskap, de verktyg och de strategier som kr\u00e4vs f\u00f6r att lyckas i dagens snabbr\u00f6rliga kryptomarknad. Oavsett om du tar dina f\u00f6rsta steg eller vill finslipa din metodik, v\u00e4gleder vi dig genom hela processen.<\/p>\n<h2 class=\"text-xl font-bold text-text-100 mt-1 -mb-0.5\">V\u00e5r ber\u00e4ttelse<\/h2>\n<p class=\"whitespace-pre-wrap break-words\">Easy Edge Index grundades av ett team av erfarna handlare, utbildare och teknikexperter med ett gemensamt m\u00e5l: att g\u00f6ra handel med kryptovalutor enkel, tillg\u00e4nglig och l\u00f6nsam.<\/p>\n<p class=\"whitespace-pre-wrap break-words\">Vi s\u00e5g ett viktigt behov p\u00e5 marknaden. Trots stora m\u00f6jligheter saknades tydlig och p\u00e5litlig utbildning. Alltf\u00f6r m\u00e5nga nyb\u00f6rjare gav sig in i marknaden utan r\u00e4tt v\u00e4gledning, vilket ledde till kostsamma misstag. Vi skapade Easy Edge Index f\u00f6r att \u00e4ndra p\u00e5 det.<\/p>\n<p class=\"whitespace-pre-wrap break-words\">V\u00e5r plattform kombinerar m\u00e5nga \u00e5rs marknadserfarenhet med bepr\u00f6vade undervisningsmetoder. Idag \u00e4r Easy Edge Index ett v\u00e4lrenommerat namn inom kryptoutbildning och intelligent handel, och vi forts\u00e4tter att utvecklas f\u00f6r att m\u00f6ta v\u00e5r v\u00e4xande globala gemenskap.<\/p>\n<h2 class=\"text-xl font-bold text-text-100 mt-1 -mb-0.5\">Kryptovalutans grund<\/h2>\n<p class=\"whitespace-pre-wrap break-words\">Bitcoin lanserades 2009, skapat av Satoshi Nakamoto med en revolutionerande vision: en decentraliserad digital valuta, fri fr\u00e5n banker och statlig kontroll.<\/p>\n<p class=\"whitespace-pre-wrap break-words\">Denna innovation introducerade blockkedjeteknologin \u2013 en \u00f6ppen, manipulationss\u00e4ker huvudbok som registrerar alla transaktioner. Kryptomarknaden expanderade snabbt d\u00e4refter:<\/p>\n<p class=\"whitespace-pre-wrap break-words\">Ethereum tog med sig smarta kontrakt och decentraliserade applikationer. Litecoin, Ripple och Cardano har alla tillf\u00f6rt unika funktioner som vidgat blockkedjans m\u00f6jligheter.<\/p>\n<p class=\"whitespace-pre-wrap break-words\">Idag finns tusentals kryptotillg\u00e5ngar som erbjuder or\u00e4kneliga handelsm\u00f6jligheter.<\/p>\n<h2 class=\"text-xl font-bold text-text-100 mt-1 -mb-0.5\">V\u00e5ra tre framg\u00e5ngspelare<\/h2>\n<h3 class=\"text-lg font-bold text-text-100 mt-1 -mb-1.5\">Utbildning: Kunskap som ger avkastning<\/h3>\n<p class=\"whitespace-pre-wrap break-words\">V\u00e5r plattform erbjuder utbildningsverktyg f\u00f6r alla kunskapsniv\u00e5er:<\/p>\n<ul class=\"[&amp;:not(:last-child)_ul]:pb-1 [&amp;:not(:last-child)_ol]:pb-1 list-disc space-y-1.5 pl-7\">\n<li class=\"whitespace-normal break-words\">Grunderna i krypto: Blockkedjeteknik, pl\u00e5nb\u00f6cker och centrala begrepp<\/li>\n<li class=\"whitespace-normal break-words\">Teknisk analys: L\u00e4r dig l\u00e4sa diagram, m\u00f6nster och viktiga indikatorer<\/li>\n<li class=\"whitespace-normal break-words\">Handelsstrategier: Daytrading, swingtrading och l\u00e5ngsiktiga investeringar<\/li>\n<li class=\"whitespace-normal break-words\">Riskhantering: Skydda kapitalet i en volatil marknad<\/li>\n<\/ul>\n<p class=\"whitespace-pre-wrap break-words\">Utvecklas fr\u00e5n nyb\u00f6rjare till professionell i din egen takt.<\/p>\n<h3 class=\"text-lg font-bold text-text-100 mt-1 -mb-1.5\">Gemenskap: Styrka i antal<\/h3>\n<p class=\"whitespace-pre-wrap break-words\">G\u00e5 med i v\u00e5r levande gemenskap av kryptohandlare genom:<\/p>\n<ul class=\"[&amp;:not(:last-child)_ul]:pb-1 [&amp;:not(:last-child)_ol]:pb-1 list-disc space-y-1.5 pl-7\">\n<li class=\"whitespace-normal break-words\">Diskussionsforum<\/li>\n<li class=\"whitespace-normal break-words\">Lives\u00e4nda webbinarier<\/li>\n<li class=\"whitespace-normal break-words\">Fr\u00e5ge- och svarspaneler<\/li>\n<li class=\"whitespace-normal break-words\">Gruppdiskussion om strategier<\/li>\n<\/ul>\n<p class=\"whitespace-pre-wrap break-words\">F\u00e5 st\u00f6d av handlare som du sj\u00e4lv, och v\u00e5rt expertteam finns alltid till hands f\u00f6r att besvara dina fr\u00e5gor.<\/p>\n<h3 class=\"text-lg font-bold text-text-100 mt-1 -mb-1.5\">Strategi: Din konkurrensf\u00f6rdel<\/h3>\n<p class=\"whitespace-pre-wrap break-words\">Easy Edge Index erbjuder verktyg och insikter f\u00f6r att lyfta din handelsstrategi:<\/p>\n<ul class=\"[&amp;:not(:last-child)_ul]:pb-1 [&amp;:not(:last-child)_ol]:pb-1 list-disc space-y-1.5 pl-7\">\n<li class=\"whitespace-normal break-words\">H\u00e5ll dig uppdaterad: Utnyttja marknadsdata i realtid och nyhetsuppdateringar<\/li>\n<li class=\"whitespace-normal break-words\">Hantera risker: Beh\u00e4rska risk\u2013bel\u00f6ningsf\u00f6rh\u00e5llanden och undvik stora f\u00f6rluster<\/li>\n<li class=\"whitespace-normal break-words\">Diversifiera smart: Bygg balanserade portf\u00f6ljer \u00f6ver olika tillg\u00e5ngar<\/li>\n<li class=\"whitespace-normal break-words\">F\u00e5 tillg\u00e5ng till avancerade metoder: Uppt\u00e4ck expertstrategier i takt med din utveckling<\/li>\n<\/ul>\n<p class=\"whitespace-pre-wrap break-words\">Vi erbjuder mer \u00e4n utbildning \u2013 vi ger dig ett f\u00f6rspr\u00e5ng p\u00e5 marknaden.<\/p>\n<h2 class=\"text-xl font-bold text-text-100 mt-1 -mb-0.5\">B\u00f6rja din resa idag<\/h2>\n<p class=\"whitespace-pre-wrap break-words\">Oavsett var du b\u00f6rjar hj\u00e4lper Easy Edge Index dig att l\u00e4ra, handla och v\u00e4xa. G\u00e5 med i v\u00e5r globala gemenskap och l\u00e5s upp din potential i den sp\u00e4nnande v\u00e4rlden av kryptohandel.<\/p>\n","protected":false},"excerpt":{"rendered":"<p>Din p\u00e5litliga partner f\u00f6r kryptohandel \u00e4r din p\u00e5litliga partner f\u00f6r kryptohandel och utbildning. Vi ger handlare p\u00e5 alla niv\u00e5er den kunskap, de verktyg och de strategier som kr\u00e4vs f\u00f6r att lyckas i dagens snabbr\u00f6rliga kryptomarknad. Oavsett om du tar dina f\u00f6rsta steg eller vill finslipa din metodik, v\u00e4gleder vi dig genom hela processen. V\u00e5r ber\u00e4ttelse [&hellip;]<\/p>\n","protected":false},"author":2,"featured_media":0,"parent":0,"menu_order":0,"comment_status":"closed","ping_status":"closed","template":"page-about.php","meta":{"footnotes":""},"class_list":["post-679","page","type-page","status-publish","hentry"],"yoast_head":"<!-- This site is optimized with the Yoast SEO plugin v27.4 - https:\/\/yoast.com\/product\/yoast-seo-wordpress\/ -->\n<title>Easy Edge Index \u2122 | Offici\u00eble website 2026 | Claim nu!<\/title>\n<meta name=\"robots\" content=\"index, follow, max-snippet:-1, max-image-preview:large, max-video-preview:-1\" \/>\n<meta property=\"og:locale\" content=\"sv_SE\" \/>\n<meta property=\"og:site_name\" content=\"Easy Edge Index\" \/>\n<meta property=\"article:modified_time\" content=\"2025-07-03T10:10:26+00:00\" \/>\n<meta name=\"twitter:card\" content=\"summary_large_image\" \/>\n<meta name=\"twitter:label1\" content=\"Ber\u00e4knad l\u00e4stid\" \/>\n\t<meta name=\"twitter:data1\" content=\"2 minuter\" \/>\n<!-- \/ Yoast SEO plugin. -->","yoast_head_json":{"title":"Easy Edge Index \u2122 | Offici\u00eble website 2026 | Claim nu!","robots":{"index":"index","follow":"follow","max-snippet":"max-snippet:-1","max-image-preview":"max-image-preview:large","max-video-preview":"max-video-preview:-1"},"og_locale":"sv_SE","og_site_name":"Easy Edge Index","article_modified_time":"2025-07-03T10:10:26+00:00","twitter_card":"summary_large_image","twitter_misc":{"Ber\u00e4knad l\u00e4stid":"2 minuter"},"schema":{"@context":"https:\/\/schema.org","@graph":[{"@type":"WebPage","@id":"https:\/\/canfi.io\/sv\/about-us\/","url":"https:\/\/canfi.io\/sv\/about-us\/","name":"Om oss - Easy Edge Index","isPartOf":{"@id":"https:\/\/canfi.io\/#website"},"datePublished":"2023-06-21T11:29:38+00:00","dateModified":"2025-07-03T10:10:26+00:00","breadcrumb":{"@id":"https:\/\/canfi.io\/sv\/about-us\/#breadcrumb"},"inLanguage":"sv-SE","potentialAction":[{"@type":"ReadAction","target":["https:\/\/canfi.io\/sv\/about-us\/"]}]},{"@type":"BreadcrumbList","@id":"https:\/\/canfi.io\/sv\/about-us\/#breadcrumb","itemListElement":[{"@type":"ListItem","position":1,"name":"Home","item":"https:\/\/canfi.io\/"},{"@type":"ListItem","position":2,"name":"Om oss"}]},{"@type":"WebSite","@id":"https:\/\/canfi.io\/#website","url":"https:\/\/canfi.io\/","name":"Easy Edge Index","description":"Master Trading, Maximize Earnings [2025]","potentialAction":[{"@type":"SearchAction","target":{"@type":"EntryPoint","urlTemplate":"https:\/\/canfi.io\/?s={search_term_string}"},"query-input":{"@type":"PropertyValueSpecification","valueRequired":true,"valueName":"search_term_string"}}],"inLanguage":"sv-SE"}]}},"_links":{"self":[{"href":"https:\/\/canfi.io\/sv\/wp-json\/wp\/v2\/pages\/679","targetHints":{"allow":["GET"]}}],"collection":[{"href":"https:\/\/canfi.io\/sv\/wp-json\/wp\/v2\/pages"}],"about":[{"href":"https:\/\/canfi.io\/sv\/wp-json\/wp\/v2\/types\/page"}],"author":[{"embeddable":true,"href":"https:\/\/canfi.io\/sv\/wp-json\/wp\/v2\/users\/2"}],"replies":[{"embeddable":true,"href":"https:\/\/canfi.io\/sv\/wp-json\/wp\/v2\/comments?post=679"}],"version-history":[{"count":1,"href":"https:\/\/canfi.io\/sv\/wp-json\/wp\/v2\/pages\/679\/revisions"}],"predecessor-version":[{"id":689,"href":"https:\/\/canfi.io\/sv\/wp-json\/wp\/v2\/pages\/679\/revisions\/689"}],"wp:attachment":[{"href":"https:\/\/canfi.io\/sv\/wp-json\/wp\/v2\/media?parent=679"}],"curies":[{"name":"wp","href":"https:\/\/api.w.org\/{rel}","templated":true}]}}