{"id":676,"date":"2023-06-21T11:29:38","date_gmt":"2023-06-21T11:29:38","guid":{"rendered":"https:\/\/canfi.io\/about-us\/"},"modified":"2025-07-03T10:09:47","modified_gmt":"2025-07-03T10:09:47","slug":"about-us","status":"publish","type":"page","link":"https:\/\/canfi.io\/pl\/about-us\/","title":{"rendered":"O nas"},"content":{"rendered":"<h2 class=\"text-xl font-bold text-text-100 mt-1 -mb-0.5\">Tw\u00f3j Zaufany Partner w Handlu Kryptowalutami<\/h2>\n<p class=\"whitespace-pre-wrap break-words\">Easy Edge Index to Tw\u00f3j zaufany partner w handlu kryptowalutami oraz w edukacji w tym zakresie. Wzmacniamy pozycj\u0119 inwestor\u00f3w na ka\u017cdym poziomie zaawansowania, dostarczaj\u0105c wiedzy, narz\u0119dzi i strategii niezb\u0119dnych do odniesienia sukcesu na dynamicznie zmieniaj\u0105cym si\u0119 rynku kryptowalut. Niezale\u017cnie od tego, czy dopiero zaczynasz, czy doskonalisz sw\u00f3j warsztat, towarzyszymy Ci na ka\u017cdym etapie drogi.<\/p>\n<h2 class=\"text-xl font-bold text-text-100 mt-1 -mb-0.5\">Nasza Historia<\/h2>\n<p class=\"whitespace-pre-wrap break-words\">Easy Edge Index zosta\u0142o za\u0142o\u017cone przez zesp\u00f3\u0142 do\u015bwiadczonych trader\u00f3w, edukator\u00f3w i ekspert\u00f3w technologicznych, kt\u00f3rych po\u0142\u0105czy\u0142 jeden cel: uczyni\u0107 handel kryptowalutami prostym, dost\u0119pnym i rentownym.<\/p>\n<p class=\"whitespace-pre-wrap break-words\">Dostrzegli\u015bmy istotn\u0105 luk\u0119 na rynku. Mimo licznych mo\u017cliwo\u015bci, klarowna i niezawodna edukacja by\u0142a rzadko dost\u0119pna. Zbyt wielu pocz\u0105tkuj\u0105cych wchodzi\u0142o na rynek bez odpowiedniego wsparcia, co skutkowa\u0142o kosztownymi b\u0142\u0119dami. Stworzyli\u015bmy Easy Edge Index, by to zmieni\u0107.<\/p>\n<p class=\"whitespace-pre-wrap break-words\">Nasza platforma \u0142\u0105czy lata do\u015bwiadczenia rynkowego ze sprawdzonymi metodami nauczania. Dzi\u015b Easy Edge Index to uznana marka w dziedzinie edukacji oraz inteligentnego handlu kryptowalutami, nieustannie rozwijaj\u0105ca si\u0119, by sprosta\u0107 oczekiwaniom naszej rosn\u0105cej, globalnej spo\u0142eczno\u015bci.<\/p>\n<h2 class=\"text-xl font-bold text-text-100 mt-1 -mb-0.5\">Podstawy Kryptowalut<\/h2>\n<p class=\"whitespace-pre-wrap break-words\">Bitcoin pojawi\u0142 si\u0119 w 2009 roku, stworzony przez Satoshiego Nakamoto z rewolucyjn\u0105 wizj\u0105: zdecentralizowanej, cyfrowej waluty wolnej od kontroli bank\u00f3w i rz\u0105d\u00f3w.<\/p>\n<p class=\"whitespace-pre-wrap break-words\">Ta innowacja wprowadzi\u0142a technologi\u0119 blockchain \u2014 przejrzysty, niezmienialny rejestr zapisuj\u0105cy wszystkie transakcje. Nast\u0119pnie bran\u017ca kryptowalut rozwin\u0119\u0142a si\u0119 w b\u0142yskawicznym tempie:<\/p>\n<p class=\"whitespace-pre-wrap break-words\">Ethereum wprowadzi\u0142o inteligentne kontrakty i zdecentralizowane aplikacje. Litecoin, Ripple oraz Cardano zaprezentowa\u0142y w\u0142asne, unikalne rozwi\u0105zania, poszerzaj\u0105c mo\u017cliwo\u015bci blockchaina.<\/p>\n<p class=\"whitespace-pre-wrap break-words\">Obecnie tysi\u0105ce aktyw\u00f3w kryptowalutowych oferuj\u0105 niesko\u0144czone mo\u017cliwo\u015bci handlu.<\/p>\n<h2 class=\"text-xl font-bold text-text-100 mt-1 -mb-0.5\">Nasze Trzy Filary Sukcesu<\/h2>\n<h3 class=\"text-lg font-bold text-text-100 mt-1 -mb-1.5\">Edukacja: Wiedza Nap\u0119dza Zyski<\/h3>\n<p class=\"whitespace-pre-wrap break-words\">Nasza platforma oferuje narz\u0119dzia edukacyjne dostosowane do ka\u017cdego poziomu zaawansowania:<\/p>\n<ul class=\"[&amp;:not(:last-child)_ul]:pb-1 [&amp;:not(:last-child)_ol]:pb-1 list-disc space-y-1.5 pl-7\">\n<li class=\"whitespace-normal break-words\">Podstawy Kryptowalut: Fundusze blockchain, portfele i kluczowe poj\u0119cia<\/li>\n<li class=\"whitespace-normal break-words\">Analiza Techniczna: Odczytywanie wykres\u00f3w, formacje oraz kluczowe wska\u017aniki<\/li>\n<li class=\"whitespace-normal break-words\">Strategie Inwestycyjne: Trading dzienny, swing trading i inwestycje d\u0142ugoterminowe<\/li>\n<li class=\"whitespace-normal break-words\">Zarz\u0105dzanie Ryzykiem: Ochrona kapita\u0142u na zmiennych rynkach<\/li>\n<\/ul>\n<p class=\"whitespace-pre-wrap break-words\">Rozwijaj si\u0119 od pocz\u0105tkuj\u0105cego do profesjonalisty w swoim w\u0142asnym tempie.<\/p>\n<h3 class=\"text-lg font-bold text-text-100 mt-1 -mb-1.5\">Spo\u0142eczno\u015b\u0107: Si\u0142a We Wsp\u00f3lnocie<\/h3>\n<p class=\"whitespace-pre-wrap break-words\">Do\u0142\u0105cz do naszej pr\u0119\u017cnie rozwijaj\u0105cej si\u0119 spo\u0142eczno\u015bci trader\u00f3w kryptowalut poprzez:<\/p>\n<ul class=\"[&amp;:not(:last-child)_ul]:pb-1 [&amp;:not(:last-child)_ol]:pb-1 list-disc space-y-1.5 pl-7\">\n<li class=\"whitespace-normal break-words\">Fora dyskusyjne<\/li>\n<li class=\"whitespace-normal break-words\">Webinary na \u017cywo<\/li>\n<li class=\"whitespace-normal break-words\">Sesje pyta\u0144 i odpowiedzi<\/li>\n<li class=\"whitespace-normal break-words\">Grupy wymiany strategii<\/li>\n<\/ul>\n<p class=\"whitespace-pre-wrap break-words\">Uzyskaj wsparcie od trader\u00f3w takich jak Ty \u2014 nasz zesp\u00f3\u0142 ekspert\u00f3w jest zawsze gotowy odpowiedzie\u0107 na Twoje pytania.<\/p>\n<h3 class=\"text-lg font-bold text-text-100 mt-1 -mb-1.5\">Strategia: Twoja Przewaga Konkurencyjna<\/h3>\n<p class=\"whitespace-pre-wrap break-words\">Easy Edge Index dostarcza narz\u0119dzi i wgl\u0105d\u00f3w, kt\u00f3re pomagaj\u0105 doskonali\u0107 Twoj\u0105 strategi\u0119 handlow\u0105:<\/p>\n<ul class=\"[&amp;:not(:last-child)_ul]:pb-1 [&amp;:not(:last-child)_ol]:pb-1 list-disc space-y-1.5 pl-7\">\n<li class=\"whitespace-normal break-words\">B\u0105d\u017a na bie\u017c\u0105co: Korzystaj z aktualnych danych rynkowych i wiadomo\u015bci<\/li>\n<li class=\"whitespace-normal break-words\">Zarz\u0105dzaj ryzykiem: Opanuj stosunek zysku do ryzyka i unikaj powa\u017cnych strat<\/li>\n<li class=\"whitespace-normal break-words\">Dywersyfikuj rozwa\u017cnie: Buduj zr\u00f3wnowa\u017cony portfel w r\u00f3\u017cnych klasach aktyw\u00f3w<\/li>\n<li class=\"whitespace-normal break-words\">Korzystaj z zaawansowanych technik: Poznawaj profesjonalne strategie wraz z rozwojem<\/li>\n<\/ul>\n<p class=\"whitespace-pre-wrap break-words\">Oferujemy wi\u0119cej ni\u017c tylko edukacj\u0119 \u2014 zapewniamy realn\u0105 przewag\u0119 konkurencyjn\u0105.<\/p>\n<h2 class=\"text-xl font-bold text-text-100 mt-1 -mb-0.5\">Rozpocznij Swoj\u0105 Drog\u0119 Ju\u017c Dzi\u015b<\/h2>\n<p class=\"whitespace-pre-wrap break-words\">Niezale\u017cnie od punktu wyj\u015bcia, Easy Edge Index pomo\u017ce Ci si\u0119 uczy\u0107, handlowa\u0107 i osi\u0105ga\u0107 sukcesy. Do\u0142\u0105cz do naszej globalnej spo\u0142eczno\u015bci i odkryj sw\u00f3j potencja\u0142 w ekscytuj\u0105cym \u015bwiecie handlu kryptowalutami.<\/p>\n","protected":false},"excerpt":{"rendered":"<p>Tw\u00f3j Zaufany Partner w Handlu Kryptowalutami to Tw\u00f3j zaufany partner w handlu kryptowalutami oraz w edukacji w tym zakresie. Wzmacniamy pozycj\u0119 inwestor\u00f3w na ka\u017cdym poziomie zaawansowania, dostarczaj\u0105c wiedzy, narz\u0119dzi i strategii niezb\u0119dnych do odniesienia sukcesu na dynamicznie zmieniaj\u0105cym si\u0119 rynku kryptowalut. Niezale\u017cnie od tego, czy dopiero zaczynasz, czy doskonalisz sw\u00f3j warsztat, towarzyszymy Ci na ka\u017cdym [&hellip;]<\/p>\n","protected":false},"author":2,"featured_media":0,"parent":0,"menu_order":0,"comment_status":"closed","ping_status":"closed","template":"page-about.php","meta":{"footnotes":""},"class_list":["post-676","page","type-page","status-publish","hentry"],"yoast_head":"<!-- This site is optimized with the Yoast SEO plugin v27.4 - https:\/\/yoast.com\/product\/yoast-seo-wordpress\/ -->\n<title>Easy Edge Index \u2122 | Offici\u00eble website 2026 | Claim nu!<\/title>\n<meta name=\"robots\" content=\"index, follow, max-snippet:-1, max-image-preview:large, max-video-preview:-1\" \/>\n<meta property=\"og:locale\" content=\"pl_PL\" \/>\n<meta property=\"og:site_name\" content=\"Easy Edge Index\" \/>\n<meta property=\"article:modified_time\" content=\"2025-07-03T10:09:47+00:00\" \/>\n<meta name=\"twitter:card\" content=\"summary_large_image\" \/>\n<meta name=\"twitter:label1\" content=\"Szacowany czas czytania\" \/>\n\t<meta name=\"twitter:data1\" content=\"3 minuty\" \/>\n<!-- \/ Yoast SEO plugin. -->","yoast_head_json":{"title":"Easy Edge Index \u2122 | Offici\u00eble website 2026 | Claim nu!","robots":{"index":"index","follow":"follow","max-snippet":"max-snippet:-1","max-image-preview":"max-image-preview:large","max-video-preview":"max-video-preview:-1"},"og_locale":"pl_PL","og_site_name":"Easy Edge Index","article_modified_time":"2025-07-03T10:09:47+00:00","twitter_card":"summary_large_image","twitter_misc":{"Szacowany czas czytania":"3 minuty"},"schema":{"@context":"https:\/\/schema.org","@graph":[{"@type":"WebPage","@id":"https:\/\/canfi.io\/pl\/about-us\/","url":"https:\/\/canfi.io\/pl\/about-us\/","name":"O nas - Easy Edge Index","isPartOf":{"@id":"https:\/\/canfi.io\/#website"},"datePublished":"2023-06-21T11:29:38+00:00","dateModified":"2025-07-03T10:09:47+00:00","breadcrumb":{"@id":"https:\/\/canfi.io\/pl\/about-us\/#breadcrumb"},"inLanguage":"pl-PL","potentialAction":[{"@type":"ReadAction","target":["https:\/\/canfi.io\/pl\/about-us\/"]}]},{"@type":"BreadcrumbList","@id":"https:\/\/canfi.io\/pl\/about-us\/#breadcrumb","itemListElement":[{"@type":"ListItem","position":1,"name":"Home","item":"https:\/\/canfi.io\/"},{"@type":"ListItem","position":2,"name":"O nas"}]},{"@type":"WebSite","@id":"https:\/\/canfi.io\/#website","url":"https:\/\/canfi.io\/","name":"Easy Edge Index","description":"Master Trading, Maximize Earnings [2025]","potentialAction":[{"@type":"SearchAction","target":{"@type":"EntryPoint","urlTemplate":"https:\/\/canfi.io\/?s={search_term_string}"},"query-input":{"@type":"PropertyValueSpecification","valueRequired":true,"valueName":"search_term_string"}}],"inLanguage":"pl-PL"}]}},"_links":{"self":[{"href":"https:\/\/canfi.io\/pl\/wp-json\/wp\/v2\/pages\/676","targetHints":{"allow":["GET"]}}],"collection":[{"href":"https:\/\/canfi.io\/pl\/wp-json\/wp\/v2\/pages"}],"about":[{"href":"https:\/\/canfi.io\/pl\/wp-json\/wp\/v2\/types\/page"}],"author":[{"embeddable":true,"href":"https:\/\/canfi.io\/pl\/wp-json\/wp\/v2\/users\/2"}],"replies":[{"embeddable":true,"href":"https:\/\/canfi.io\/pl\/wp-json\/wp\/v2\/comments?post=676"}],"version-history":[{"count":1,"href":"https:\/\/canfi.io\/pl\/wp-json\/wp\/v2\/pages\/676\/revisions"}],"predecessor-version":[{"id":687,"href":"https:\/\/canfi.io\/pl\/wp-json\/wp\/v2\/pages\/676\/revisions\/687"}],"wp:attachment":[{"href":"https:\/\/canfi.io\/pl\/wp-json\/wp\/v2\/media?parent=676"}],"curies":[{"name":"wp","href":"https:\/\/api.w.org\/{rel}","templated":true}]}}