{"id":674,"date":"2023-06-21T11:29:38","date_gmt":"2023-06-21T11:29:38","guid":{"rendered":"https:\/\/canfi.io\/about-us\/"},"modified":"2025-07-03T10:07:30","modified_gmt":"2025-07-03T10:07:30","slug":"about-us","status":"publish","type":"page","link":"https:\/\/canfi.io\/de\/about-us\/","title":{"rendered":"\u00dcber uns"},"content":{"rendered":"<h2 class=\"text-xl font-bold text-text-100 mt-1 -mb-0.5\">Ihr zuverl\u00e4ssiger Partner f\u00fcr den Kryptohandel<\/h2>\n<p class=\"whitespace-pre-wrap break-words\">Easy Edge Index ist Ihr vertrauensw\u00fcrdiger Partner f\u00fcr Krypto-Handel und Bildung. Wir bef\u00e4higen Trader aller Erfahrungsstufen mit Wissen, Werkzeugen und Strategien, die f\u00fcr den Erfolg in den heutigen dynamischen Kryptom\u00e4rkten erforderlich sind. Ob Sie gerade erst einsteigen oder Ihre Herangehensweise verfeinern \u2013 wir begleiten Sie auf jedem Schritt Ihres Weges.<\/p>\n<h2 class=\"text-xl font-bold text-text-100 mt-1 -mb-0.5\">Unsere Geschichte<\/h2>\n<p class=\"whitespace-pre-wrap break-words\">Easy Edge Index wurde von einem Team erfahrener Trader, Lehrender und Technologie-Experten gegr\u00fcndet, die durch eine gemeinsame Mission verbunden sind: den Handel mit Kryptow\u00e4hrungen einfach, zug\u00e4nglich und profitabel zu machen.<\/p>\n<p class=\"whitespace-pre-wrap break-words\">Wir erkannten eine entscheidende L\u00fccke im Markt. Trotz zahlreicher M\u00f6glichkeiten mangelte es an klarer und verl\u00e4sslicher Bildung. Zu viele Anf\u00e4nger stiegen ohne angemessene Anleitung in den Markt ein \u2013 mit teuren Folgen. Easy Edge Index wurde gegr\u00fcndet, um dies zu \u00e4ndern.<\/p>\n<p class=\"whitespace-pre-wrap break-words\">Unsere Plattform vereint jahrelange Markterfahrung mit bew\u00e4hrten Lehrmethoden. Heute steht Easy Edge Index f\u00fcr vertrauensw\u00fcrdige Krypto-Bildung und intelligentes Trading \u2013 kontinuierlich weiterentwickelt f\u00fcr unsere wachsende, globale Community.<\/p>\n<h2 class=\"text-xl font-bold text-text-100 mt-1 -mb-0.5\">Die Grundlage der Kryptow\u00e4hrungen<\/h2>\n<p class=\"whitespace-pre-wrap break-words\">2009 wurde Bitcoin ins Leben gerufen, erschaffen von Satoshi Nakamoto mit einer revolution\u00e4ren Vision: Eine dezentralisierte digitale W\u00e4hrung, frei von Banken und staatlicher Kontrolle.<\/p>\n<p class=\"whitespace-pre-wrap break-words\">Mit dieser Innovation wurde die Blockchain-Technologie eingef\u00fchrt \u2013 ein transparentes, manipulationssicheres Hauptbuch, das alle Transaktionen dokumentiert. Der Kryptomarkt entwickelte sich daraufhin rasant:<\/p>\n<p class=\"whitespace-pre-wrap break-words\">Ethereum brachte intelligente Vertr\u00e4ge und dezentralisierte Anwendungen hervor. Litecoin, Ripple und Cardano f\u00fchrten jeweils einzigartige Funktionen ein und erweiterten die M\u00f6glichkeiten der Blockchain.<\/p>\n<p class=\"whitespace-pre-wrap break-words\">Heute bieten Tausende von Krypto-Assets eine Vielzahl von Handelsm\u00f6glichkeiten.<\/p>\n<h2 class=\"text-xl font-bold text-text-100 mt-1 -mb-0.5\">Unsere drei S\u00e4ulen des Erfolgs<\/h2>\n<h3 class=\"text-lg font-bold text-text-100 mt-1 -mb-1.5\">Bildung: Wissen, das Gewinne erm\u00f6glicht<\/h3>\n<p class=\"whitespace-pre-wrap break-words\">Unsere Plattform bietet Bildungswerkzeuge f\u00fcr alle Erfahrungsstufen:<\/p>\n<ul class=\"[&amp;:not(:last-child)_ul]:pb-1 [&amp;:not(:last-child)_ol]:pb-1 list-disc space-y-1.5 pl-7\">\n<li class=\"whitespace-normal break-words\">Krypto-Grundlagen: Blockchain-Basics, Wallets und zentrale Konzepte<\/li>\n<li class=\"whitespace-normal break-words\">Technische Analyse: Chartlesen, Mustererkennung und Schl\u00fcsselindikatoren<\/li>\n<li class=\"whitespace-normal break-words\">Handelsstrategien: Daytrading, Swingtrading und langfristige Investitionen<\/li>\n<li class=\"whitespace-normal break-words\">Risikomanagement: Kapitalschutz in volatilen M\u00e4rkten<\/li>\n<\/ul>\n<p class=\"whitespace-pre-wrap break-words\">Entwickeln Sie sich in Ihrem eigenen Tempo vom Einsteiger zum Profi.<\/p>\n<h3 class=\"text-lg font-bold text-text-100 mt-1 -mb-1.5\">Community: St\u00e4rke durch Gemeinschaft<\/h3>\n<p class=\"whitespace-pre-wrap break-words\">Werden Sie Teil unserer lebendigen Community von Krypto-Tradern durch:<\/p>\n<ul class=\"[&amp;:not(:last-child)_ul]:pb-1 [&amp;:not(:last-child)_ol]:pb-1 list-disc space-y-1.5 pl-7\">\n<li class=\"whitespace-normal break-words\">Diskussionsforen<\/li>\n<li class=\"whitespace-normal break-words\">Live-Webinare<\/li>\n<li class=\"whitespace-normal break-words\">Frage-und-Antwort-Sitzungen<\/li>\n<li class=\"whitespace-normal break-words\">Gruppen zum Austausch von Strategien<\/li>\n<\/ul>\n<p class=\"whitespace-pre-wrap break-words\">Profitieren Sie von der Unterst\u00fctzung anderer Trader und unserem Expertenteam, das Ihnen jederzeit f\u00fcr Fragen zur Verf\u00fcgung steht.<\/p>\n<h3 class=\"text-lg font-bold text-text-100 mt-1 -mb-1.5\">Strategie: Ihr Wettbewerbsvorteil<\/h3>\n<p class=\"whitespace-pre-wrap break-words\">Easy Edge Index stellt Ihnen Werkzeuge und Einblicke bereit, um Ihre Handelsstrategie zu optimieren:<\/p>\n<ul class=\"[&amp;:not(:last-child)_ul]:pb-1 [&amp;:not(:last-child)_ol]:pb-1 list-disc space-y-1.5 pl-7\">\n<li class=\"whitespace-normal break-words\">Immer informiert: Nutzen Sie Live-Marktdaten und aktuelle Nachrichten<\/li>\n<li class=\"whitespace-normal break-words\">Risikomanagement: Beherrschen Sie Chancen-Risiko-Verh\u00e4ltnisse und vermeiden Sie gr\u00f6\u00dfere Verluste<\/li>\n<li class=\"whitespace-normal break-words\">Clever diversifizieren: Bauen Sie ausgewogene Portfolios mit verschiedenen Verm\u00f6genswerten auf<\/li>\n<li class=\"whitespace-normal break-words\">Zugang zu fortgeschrittenen Techniken: Entdecken Sie Expertenstrategien f\u00fcr Ihren Fortschritt<\/li>\n<\/ul>\n<p class=\"whitespace-pre-wrap break-words\">Wir liefern mehr als nur Bildung \u2013 wir verschaffen Ihnen einen Wettbewerbsvorteil.<\/p>\n<h2 class=\"text-xl font-bold text-text-100 mt-1 -mb-0.5\">Starten Sie noch heute Ihre Reise<\/h2>\n<p class=\"whitespace-pre-wrap break-words\">Ganz gleich, wo Sie stehen \u2013 Easy Edge Index unterst\u00fctzt Sie beim Lernen, Handeln und Wachsen. Werden Sie Teil unserer globalen Community und entfalten Sie Ihr Potenzial in der faszinierenden Welt des Kryptohandels.<\/p>\n","protected":false},"excerpt":{"rendered":"<p>Ihr zuverl\u00e4ssiger Partner f\u00fcr den Kryptohandel ist Ihr vertrauensw\u00fcrdiger Partner f\u00fcr Krypto-Handel und Bildung. Wir bef\u00e4higen Trader aller Erfahrungsstufen mit Wissen, Werkzeugen und Strategien, die f\u00fcr den Erfolg in den heutigen dynamischen Kryptom\u00e4rkten erforderlich sind. Ob Sie gerade erst einsteigen oder Ihre Herangehensweise verfeinern \u2013 wir begleiten Sie auf jedem Schritt Ihres Weges. Unsere Geschichte [&hellip;]<\/p>\n","protected":false},"author":2,"featured_media":0,"parent":0,"menu_order":0,"comment_status":"closed","ping_status":"closed","template":"page-about.php","meta":{"footnotes":""},"class_list":["post-674","page","type-page","status-publish","hentry"],"yoast_head":"<!-- This site is optimized with the Yoast SEO plugin v27.4 - https:\/\/yoast.com\/product\/yoast-seo-wordpress\/ -->\n<title>Easy Edge Index \u2122 | Offizielle Website 2026 | Beanspruche jetzt!<\/title>\n<meta name=\"robots\" content=\"index, follow, max-snippet:-1, max-image-preview:large, max-video-preview:-1\" \/>\n<meta property=\"og:locale\" content=\"de_DE\" \/>\n<meta property=\"og:site_name\" content=\"Easy Edge Index\" \/>\n<meta property=\"article:modified_time\" content=\"2025-07-03T10:07:30+00:00\" \/>\n<meta name=\"twitter:card\" content=\"summary_large_image\" \/>\n<meta name=\"twitter:label1\" content=\"Gesch\u00e4tzte Lesezeit\" \/>\n\t<meta name=\"twitter:data1\" content=\"2\u00a0Minuten\" \/>\n<!-- \/ Yoast SEO plugin. -->","yoast_head_json":{"title":"Easy Edge Index \u2122 | Offizielle Website 2026 | Beanspruche jetzt!","robots":{"index":"index","follow":"follow","max-snippet":"max-snippet:-1","max-image-preview":"max-image-preview:large","max-video-preview":"max-video-preview:-1"},"og_locale":"de_DE","og_site_name":"Easy Edge Index","article_modified_time":"2025-07-03T10:07:30+00:00","twitter_card":"summary_large_image","twitter_misc":{"Gesch\u00e4tzte Lesezeit":"2\u00a0Minuten"},"schema":{"@context":"https:\/\/schema.org","@graph":[{"@type":"WebPage","@id":"https:\/\/canfi.io\/de\/about-us\/","url":"https:\/\/canfi.io\/de\/about-us\/","name":"\u00dcber uns - Easy Edge Index","isPartOf":{"@id":"https:\/\/canfi.io\/#website"},"datePublished":"2023-06-21T11:29:38+00:00","dateModified":"2025-07-03T10:07:30+00:00","breadcrumb":{"@id":"https:\/\/canfi.io\/de\/about-us\/#breadcrumb"},"inLanguage":"de","potentialAction":[{"@type":"ReadAction","target":["https:\/\/canfi.io\/de\/about-us\/"]}]},{"@type":"BreadcrumbList","@id":"https:\/\/canfi.io\/de\/about-us\/#breadcrumb","itemListElement":[{"@type":"ListItem","position":1,"name":"Home","item":"https:\/\/canfi.io\/"},{"@type":"ListItem","position":2,"name":"\u00dcber uns"}]},{"@type":"WebSite","@id":"https:\/\/canfi.io\/#website","url":"https:\/\/canfi.io\/","name":"Easy Edge Index","description":"Master Trading, Maximize Earnings [2025]","potentialAction":[{"@type":"SearchAction","target":{"@type":"EntryPoint","urlTemplate":"https:\/\/canfi.io\/?s={search_term_string}"},"query-input":{"@type":"PropertyValueSpecification","valueRequired":true,"valueName":"search_term_string"}}],"inLanguage":"de"}]}},"_links":{"self":[{"href":"https:\/\/canfi.io\/de\/wp-json\/wp\/v2\/pages\/674","targetHints":{"allow":["GET"]}}],"collection":[{"href":"https:\/\/canfi.io\/de\/wp-json\/wp\/v2\/pages"}],"about":[{"href":"https:\/\/canfi.io\/de\/wp-json\/wp\/v2\/types\/page"}],"author":[{"embeddable":true,"href":"https:\/\/canfi.io\/de\/wp-json\/wp\/v2\/users\/2"}],"replies":[{"embeddable":true,"href":"https:\/\/canfi.io\/de\/wp-json\/wp\/v2\/comments?post=674"}],"version-history":[{"count":1,"href":"https:\/\/canfi.io\/de\/wp-json\/wp\/v2\/pages\/674\/revisions"}],"predecessor-version":[{"id":681,"href":"https:\/\/canfi.io\/de\/wp-json\/wp\/v2\/pages\/674\/revisions\/681"}],"wp:attachment":[{"href":"https:\/\/canfi.io\/de\/wp-json\/wp\/v2\/media?parent=674"}],"curies":[{"name":"wp","href":"https:\/\/api.w.org\/{rel}","templated":true}]}}