{"id":670,"date":"2023-06-21T11:29:38","date_gmt":"2023-06-21T11:29:38","guid":{"rendered":"https:\/\/canfi.io\/about-us\/"},"modified":"2025-07-03T10:08:27","modified_gmt":"2025-07-03T10:08:27","slug":"about-us","status":"publish","type":"page","link":"https:\/\/canfi.io\/cs\/about-us\/","title":{"rendered":"O n\u00e1s"},"content":{"rendered":"<h2 class=\"text-xl font-bold text-text-100 mt-1 -mb-0.5\">V\u00e1\u0161 d\u016fv\u011bryhodn\u00fd partner pro obchodov\u00e1n\u00ed s kryptom\u011bnami<\/h2>\n<p class=\"whitespace-pre-wrap break-words\">Easy Edge Index je va\u0161\u00edm spolehliv\u00fdm partnerem pro obchodov\u00e1n\u00ed s kryptom\u011bnami a vzd\u011bl\u00e1v\u00e1n\u00ed v t\u00e9to oblasti. Poskytujeme obchodn\u00edk\u016fm v\u0161ech \u00farovn\u00ed znalosti, n\u00e1stroje a strategie pot\u0159ebn\u00e9 k \u00fasp\u011bchu na dne\u0161n\u00edch dynamick\u00fdch kryptom\u011bnov\u00fdch trz\u00edch. A\u0165 u\u017e s kryptom\u011bnami teprve za\u010d\u00edn\u00e1te, nebo chcete zdokonalit sv\u016fj p\u0159\u00edstup, budeme v\u00e1s prov\u00e1zet na ka\u017ed\u00e9m kroku va\u0161\u00ed cesty.<\/p>\n<h2 class=\"text-xl font-bold text-text-100 mt-1 -mb-0.5\">N\u00e1\u0161 p\u0159\u00edb\u011bh<\/h2>\n<p class=\"whitespace-pre-wrap break-words\">Easy Edge Index byl zalo\u017een t\u00fdmem zku\u0161en\u00fdch obchodn\u00edk\u016f, lektor\u016f a technologick\u00fdch expert\u016f, kter\u00e9 spojila jedin\u00e1 mise: u\u010dinit obchodov\u00e1n\u00ed s kryptom\u011bnami jednoduch\u00fdm, dostupn\u00fdm a ziskov\u00fdm.<\/p>\n<p class=\"whitespace-pre-wrap break-words\">Uv\u011bdomili jsme si z\u00e1sadn\u00ed mezeru na trhu. Navzdory \u010detn\u00fdm p\u0159\u00edle\u017eitostem chyb\u011blo jasn\u00e9 a spolehliv\u00e9 vzd\u011bl\u00e1v\u00e1n\u00ed. P\u0159\u00edli\u0161 mnoho za\u010d\u00e1te\u010dn\u00edk\u016f vstupovalo na trh bez spr\u00e1vn\u00e9ho veden\u00ed, co\u017e vedlo k n\u00e1kladn\u00fdm chyb\u00e1m. Vytvo\u0159ili jsme Easy Edge Index, abychom tuto situaci zm\u011bnili.<\/p>\n<p class=\"whitespace-pre-wrap break-words\">Na\u0161e platforma spojuje roky zku\u0161enost\u00ed z trh\u016f s osv\u011bd\u010den\u00fdmi v\u00fdukov\u00fdmi metodami. Dnes je Easy Edge Index d\u016fv\u011bryhodn\u00fdm jm\u00e9nem v oblasti kryptom\u011bnov\u00e9ho vzd\u011bl\u00e1v\u00e1n\u00ed a inteligentn\u00edho obchodov\u00e1n\u00ed, kter\u00e9 se neust\u00e1le vyv\u00edj\u00ed, aby slou\u017eilo na\u0161\u00ed rostouc\u00ed celosv\u011btov\u00e9 komunit\u011b.<\/p>\n<h2 class=\"text-xl font-bold text-text-100 mt-1 -mb-0.5\">Z\u00e1klady kryptom\u011bn<\/h2>\n<p class=\"whitespace-pre-wrap break-words\">Bitcoin byl spu\u0161t\u011bn v roce 2009 a jeho tv\u016frce Satoshi Nakamoto m\u011bl revolu\u010dn\u00ed vizi: decentralizovanou digit\u00e1ln\u00ed m\u011bnu, nez\u00e1vislou na bank\u00e1ch a vl\u00e1dn\u00ed kontrole.<\/p>\n<p class=\"whitespace-pre-wrap break-words\">Tato inovace p\u0159edstavila technologii blockchain \u2013 transparentn\u00ed, nezmanipulovateln\u00fd z\u00e1znam v\u0161ech transakc\u00ed. Kryptom\u011bnov\u00fd prostor se pot\u00e9 za\u010dal rychle rozv\u00edjet:<\/p>\n<p class=\"whitespace-pre-wrap break-words\">Ethereum p\u0159ineslo chytr\u00e9 kontrakty a decentralizovan\u00e9 aplikace. Litecoin, Ripple a Cardano nab\u00eddly jedine\u010dn\u00e9 vlastnosti, kter\u00e9 d\u00e1le roz\u0161\u00ed\u0159ily mo\u017enosti vyu\u017eit\u00ed blockchainu.<\/p>\n<p class=\"whitespace-pre-wrap break-words\">Dnes existuj\u00ed tis\u00edce krypto aktiv, kter\u00e9 p\u0159in\u00e1\u0161\u00ed nespo\u010det investi\u010dn\u00edch a obchodn\u00edch p\u0159\u00edle\u017eitost\u00ed.<\/p>\n<h2 class=\"text-xl font-bold text-text-100 mt-1 -mb-0.5\">Na\u0161e t\u0159i pil\u00ed\u0159e \u00fasp\u011bchu<\/h2>\n<h3 class=\"text-lg font-bold text-text-100 mt-1 -mb-1.5\">Vzd\u011bl\u00e1v\u00e1n\u00ed: Znalosti, kter\u00e9 p\u0159in\u00e1\u0161ej\u00ed zisky<\/h3>\n<p class=\"whitespace-pre-wrap break-words\">Na\u0161e platforma nab\u00edz\u00ed vzd\u011bl\u00e1vac\u00ed n\u00e1stroje pro v\u0161echny \u00farovn\u011b zku\u0161enost\u00ed:<\/p>\n<ul class=\"[&amp;:not(:last-child)_ul]:pb-1 [&amp;:not(:last-child)_ol]:pb-1 list-disc space-y-1.5 pl-7\">\n<li class=\"whitespace-normal break-words\">Z\u00e1klady kryptom\u011bn: Principy blockchainu, pen\u011b\u017eenek a kl\u00ed\u010dov\u00e9 pojmy<\/li>\n<li class=\"whitespace-normal break-words\">Technick\u00e1 anal\u00fdza: \u010cten\u00ed graf\u016f, obchodn\u00ed vzory a d\u016fle\u017eit\u00e9 indik\u00e1tory<\/li>\n<li class=\"whitespace-normal break-words\">Obchodn\u00ed strategie: Denn\u00ed obchodov\u00e1n\u00ed, swing trading a dlouhodob\u00e9 investov\u00e1n\u00ed<\/li>\n<li class=\"whitespace-normal break-words\">\u0158\u00edzen\u00ed rizik: Ochrana kapit\u00e1lu v nestabiln\u00edch trz\u00edch<\/li>\n<\/ul>\n<p class=\"whitespace-pre-wrap break-words\">Postupujte od za\u010d\u00e1te\u010dn\u00edka po profesion\u00e1la vlastn\u00edm tempem.<\/p>\n<h3 class=\"text-lg font-bold text-text-100 mt-1 -mb-1.5\">Komunita: S\u00edla v jednot\u011b<\/h3>\n<p class=\"whitespace-pre-wrap break-words\">P\u0159ipojte se k na\u0161\u00ed prosperuj\u00edc\u00ed komunit\u011b obchodn\u00edk\u016f prost\u0159ednictv\u00edm n\u00e1sleduj\u00edc\u00edch kan\u00e1l\u016f:<\/p>\n<ul class=\"[&amp;:not(:last-child)_ul]:pb-1 [&amp;:not(:last-child)_ol]:pb-1 list-disc space-y-1.5 pl-7\">\n<li class=\"whitespace-normal break-words\">Diskusn\u00ed f\u00f3ra<\/li>\n<li class=\"whitespace-normal break-words\">\u017div\u00e9 webin\u00e1\u0159e<\/li>\n<li class=\"whitespace-normal break-words\">Ot\u00e1zky a odpov\u011bdi<\/li>\n<li class=\"whitespace-normal break-words\">Skupiny pro sd\u00edlen\u00ed strategi\u00ed<\/li>\n<\/ul>\n<p class=\"whitespace-pre-wrap break-words\">Z\u00edskejte podporu od obchodn\u00edk\u016f, kte\u0159\u00ed jsou na podobn\u00e9 cest\u011b, a vyu\u017eijte na\u0161i odbornou podporu v\u017edy, kdy\u017e budete m\u00edt dotaz.<\/p>\n<h3 class=\"text-lg font-bold text-text-100 mt-1 -mb-1.5\">Strategie: V\u00e1\u0161 konkuren\u010dn\u00ed n\u00e1skok<\/h3>\n<p class=\"whitespace-pre-wrap break-words\">Easy Edge Index poskytuje n\u00e1stroje a poznatky, kter\u00e9 posunou va\u0161i obchodn\u00ed strategii na vy\u0161\u0161\u00ed \u00farove\u0148:<\/p>\n<ul class=\"[&amp;:not(:last-child)_ul]:pb-1 [&amp;:not(:last-child)_ol]:pb-1 list-disc space-y-1.5 pl-7\">\n<li class=\"whitespace-normal break-words\">Bu\u010fte v obraze: Vyu\u017eijte aktu\u00e1ln\u00edch tr\u017en\u00edch dat a novinek<\/li>\n<li class=\"whitespace-normal break-words\">\u0158i\u010fte rizika: Nau\u010dte se pracovat s pom\u011brem v\u00fdnos\u016f k riziku a vyh\u00fdbejte se velk\u00fdm ztr\u00e1t\u00e1m<\/li>\n<li class=\"whitespace-normal break-words\">Chyt\u0159e diverzifikujte: Budujte vyv\u00e1\u017een\u00e9 portfolia nap\u0159\u00ed\u010d r\u016fzn\u00fdmi aktivy<\/li>\n<li class=\"whitespace-normal break-words\">Z\u00edskejte p\u0159\u00edstup k pokro\u010dil\u00fdm technik\u00e1m: Seznamte se s expertn\u00edmi strategiemi, jakmile z\u00edsk\u00e1te zku\u0161enosti<\/li>\n<\/ul>\n<p class=\"whitespace-pre-wrap break-words\">Nab\u00edz\u00edme v\u00edc ne\u017e pouh\u00e9 vzd\u011bl\u00e1v\u00e1n\u00ed \u2013 poskytujeme v\u00e1m konkuren\u010dn\u00ed v\u00fdhodu.<\/p>\n<h2 class=\"text-xl font-bold text-text-100 mt-1 -mb-0.5\">Za\u010dn\u011bte svou cestu je\u0161t\u011b dnes<\/h2>\n<p class=\"whitespace-pre-wrap break-words\">Bez ohledu na to, kde za\u010d\u00edn\u00e1te, Easy Edge Index v\u00e1m pom\u016f\u017ee u\u010dit se, obchodovat a r\u016fst. P\u0159ipojte se k na\u0161\u00ed glob\u00e1ln\u00ed komunit\u011b a odemkn\u011bte sv\u016fj potenci\u00e1l ve vzru\u0161uj\u00edc\u00edm sv\u011bt\u011b obchodov\u00e1n\u00ed s kryptom\u011bnami.<\/p>\n","protected":false},"excerpt":{"rendered":"<p>V\u00e1\u0161 d\u016fv\u011bryhodn\u00fd partner pro obchodov\u00e1n\u00ed s kryptom\u011bnami je va\u0161\u00edm spolehliv\u00fdm partnerem pro obchodov\u00e1n\u00ed s kryptom\u011bnami a vzd\u011bl\u00e1v\u00e1n\u00ed v t\u00e9to oblasti. Poskytujeme obchodn\u00edk\u016fm v\u0161ech \u00farovn\u00ed znalosti, n\u00e1stroje a strategie pot\u0159ebn\u00e9 k \u00fasp\u011bchu na dne\u0161n\u00edch dynamick\u00fdch kryptom\u011bnov\u00fdch trz\u00edch. A\u0165 u\u017e s kryptom\u011bnami teprve za\u010d\u00edn\u00e1te, nebo chcete zdokonalit sv\u016fj p\u0159\u00edstup, budeme v\u00e1s prov\u00e1zet na ka\u017ed\u00e9m kroku va\u0161\u00ed cesty. [&hellip;]<\/p>\n","protected":false},"author":2,"featured_media":0,"parent":0,"menu_order":0,"comment_status":"closed","ping_status":"closed","template":"page-about.php","meta":{"footnotes":""},"class_list":["post-670","page","type-page","status-publish","hentry"],"yoast_head":"<!-- This site is optimized with the Yoast SEO plugin v27.4 - https:\/\/yoast.com\/product\/yoast-seo-wordpress\/ -->\n<title>Easy Edge Index \u2122 | Offici\u00eble website 2026 | Claim nu!<\/title>\n<meta name=\"robots\" content=\"index, follow, max-snippet:-1, max-image-preview:large, max-video-preview:-1\" \/>\n<meta property=\"og:locale\" content=\"cs_CZ\" \/>\n<meta property=\"og:site_name\" content=\"Easy Edge Index\" \/>\n<meta property=\"article:modified_time\" content=\"2025-07-03T10:08:27+00:00\" \/>\n<meta name=\"twitter:card\" content=\"summary_large_image\" \/>\n<meta name=\"twitter:label1\" content=\"Odhadovan\u00e1 doba \u010dten\u00ed\" \/>\n\t<meta name=\"twitter:data1\" content=\"2 minuty\" \/>\n<!-- \/ Yoast SEO plugin. -->","yoast_head_json":{"title":"Easy Edge Index \u2122 | Offici\u00eble website 2026 | Claim nu!","robots":{"index":"index","follow":"follow","max-snippet":"max-snippet:-1","max-image-preview":"max-image-preview:large","max-video-preview":"max-video-preview:-1"},"og_locale":"cs_CZ","og_site_name":"Easy Edge Index","article_modified_time":"2025-07-03T10:08:27+00:00","twitter_card":"summary_large_image","twitter_misc":{"Odhadovan\u00e1 doba \u010dten\u00ed":"2 minuty"},"schema":{"@context":"https:\/\/schema.org","@graph":[{"@type":"WebPage","@id":"https:\/\/canfi.io\/cs\/about-us\/","url":"https:\/\/canfi.io\/cs\/about-us\/","name":"O n\u00e1s - Easy Edge Index","isPartOf":{"@id":"https:\/\/canfi.io\/#website"},"datePublished":"2023-06-21T11:29:38+00:00","dateModified":"2025-07-03T10:08:27+00:00","breadcrumb":{"@id":"https:\/\/canfi.io\/cs\/about-us\/#breadcrumb"},"inLanguage":"cs","potentialAction":[{"@type":"ReadAction","target":["https:\/\/canfi.io\/cs\/about-us\/"]}]},{"@type":"BreadcrumbList","@id":"https:\/\/canfi.io\/cs\/about-us\/#breadcrumb","itemListElement":[{"@type":"ListItem","position":1,"name":"Home","item":"https:\/\/canfi.io\/"},{"@type":"ListItem","position":2,"name":"O n\u00e1s"}]},{"@type":"WebSite","@id":"https:\/\/canfi.io\/#website","url":"https:\/\/canfi.io\/","name":"Easy Edge Index","description":"Master Trading, Maximize Earnings [2025]","potentialAction":[{"@type":"SearchAction","target":{"@type":"EntryPoint","urlTemplate":"https:\/\/canfi.io\/?s={search_term_string}"},"query-input":{"@type":"PropertyValueSpecification","valueRequired":true,"valueName":"search_term_string"}}],"inLanguage":"cs"}]}},"_links":{"self":[{"href":"https:\/\/canfi.io\/cs\/wp-json\/wp\/v2\/pages\/670","targetHints":{"allow":["GET"]}}],"collection":[{"href":"https:\/\/canfi.io\/cs\/wp-json\/wp\/v2\/pages"}],"about":[{"href":"https:\/\/canfi.io\/cs\/wp-json\/wp\/v2\/types\/page"}],"author":[{"embeddable":true,"href":"https:\/\/canfi.io\/cs\/wp-json\/wp\/v2\/users\/2"}],"replies":[{"embeddable":true,"href":"https:\/\/canfi.io\/cs\/wp-json\/wp\/v2\/comments?post=670"}],"version-history":[{"count":1,"href":"https:\/\/canfi.io\/cs\/wp-json\/wp\/v2\/pages\/670\/revisions"}],"predecessor-version":[{"id":683,"href":"https:\/\/canfi.io\/cs\/wp-json\/wp\/v2\/pages\/670\/revisions\/683"}],"wp:attachment":[{"href":"https:\/\/canfi.io\/cs\/wp-json\/wp\/v2\/media?parent=670"}],"curies":[{"name":"wp","href":"https:\/\/api.w.org\/{rel}","templated":true}]}}